{"id":3287,"date":"2020-10-02T03:23:09","date_gmt":"2020-10-02T01:23:09","guid":{"rendered":"http:\/\/visage-appart.com\/homepage\/imprint\/"},"modified":"2020-10-02T03:26:42","modified_gmt":"2020-10-02T01:26:42","slug":"imprint","status":"publish","type":"page","link":"https:\/\/visage-appart.com\/en\/imprint\/","title":{"rendered":"Imprint"},"content":{"rendered":"\t\t<div data-elementor-type=\"wp-page\" data-elementor-id=\"3287\" class=\"elementor elementor-3287 elementor-2675\">\n\t\t\t\t\t\t<div class=\"elementor-inner\">\n\t\t\t\t<div class=\"elementor-section-wrap\">\n\t\t\t\t\t\t\t\t\t<section class=\"elementor-section elementor-top-section elementor-element elementor-element-5d719f9d elementor-section-boxed elementor-section-height-default elementor-section-height-default\" data-id=\"5d719f9d\" data-element_type=\"section\">\n\t\t\t\t\t\t<div class=\"elementor-container elementor-column-gap-wider\">\n\t\t\t\t\t\t\t<div class=\"elementor-row\">\n\t\t\t\t\t<div class=\"elementor-column elementor-col-33 elementor-top-column elementor-element elementor-element-58019c0a\" data-id=\"58019c0a\" data-element_type=\"column\">\n\t\t\t<div class=\"elementor-column-wrap elementor-element-populated\">\n\t\t\t\t\t\t\t<div class=\"elementor-widget-wrap\">\n\t\t\t\t\t\t<div class=\"elementor-element elementor-element-58cada35 elementor-widget elementor-widget-heading\" data-id=\"58cada35\" data-element_type=\"widget\" data-widget_type=\"heading.default\">\n\t\t\t\t<div class=\"elementor-widget-container\">\n\t\t\t<h2 class=\"elementor-heading-title elementor-size-default\">Imprint<\/h2>\t\t<\/div>\n\t\t\t\t<\/div>\n\t\t\t\t<div class=\"elementor-element elementor-element-221059de elementor-widget elementor-widget-text-editor\" data-id=\"221059de\" data-element_type=\"widget\" data-widget_type=\"text-editor.default\">\n\t\t\t\t<div class=\"elementor-widget-container\">\n\t\t\t\t\t\t\t\t<div class=\"elementor-text-editor elementor-clearfix\">\n\t\t\t\t<p>PALAZZO PAZZO GmbH<br \/>\nGustav-M\u00fcller-Stra\u00dfe 36A<br \/>\n10829 Berlin-Sch\u00f6neberg<br \/>\nGermany<\/p>\n<p>phone: +49 30 448 12 81<br \/>\nbooking@visage-appart.com<\/p>\n<p>Company headquarters: Berlin<br \/>\nAmtsgericht Berlin: HRB 139882<br \/>\nVAT ID: DE297194369<br \/>\nManaging Director: Giulia Ponsicchi<\/p>\n\t\t\t\t\t<\/div>\n\t\t\t\t\t\t<\/div>\n\t\t\t\t<\/div>\n\t\t\t\t<div class=\"elementor-element elementor-element-2f2f150 elementor-widget elementor-widget-heading\" data-id=\"2f2f150\" data-element_type=\"widget\" data-widget_type=\"heading.default\">\n\t\t\t\t<div class=\"elementor-widget-container\">\n\t\t\t<h2 class=\"elementor-heading-title elementor-size-default\">Bank account<\/h2>\t\t<\/div>\n\t\t\t\t<\/div>\n\t\t\t\t<div class=\"elementor-element elementor-element-3a5a582 elementor-widget elementor-widget-heading\" data-id=\"3a5a582\" data-element_type=\"widget\" data-widget_type=\"heading.default\">\n\t\t\t\t<div class=\"elementor-widget-container\">\n\t\t\t<h6 class=\"elementor-heading-title elementor-size-default\">(for transfers)<\/h6>\t\t<\/div>\n\t\t\t\t<\/div>\n\t\t\t\t<div class=\"elementor-element elementor-element-1eb48ac elementor-widget elementor-widget-text-editor\" data-id=\"1eb48ac\" data-element_type=\"widget\" data-widget_type=\"text-editor.default\">\n\t\t\t\t<div class=\"elementor-widget-container\">\n\t\t\t\t\t\t\t\t<div class=\"elementor-text-editor elementor-clearfix\">\n\t\t\t\t<p>Account owner: PALAZZO PAZZO GmbH<br \/>\nIBAN: DE53 1001 0010 0331 5711 09<br \/>\nBIC \/ SWIFT: PBNKDEFF (Postbank Berlin)<br \/>\nPurpose: invoice number, name of the guest<\/p>\n\t\t\t\t\t<\/div>\n\t\t\t\t\t\t<\/div>\n\t\t\t\t<\/div>\n\t\t\t\t<div class=\"elementor-element elementor-element-83f4fec elementor-widget elementor-widget-heading\" data-id=\"83f4fec\" data-element_type=\"widget\" data-widget_type=\"heading.default\">\n\t\t\t\t<div class=\"elementor-widget-container\">\n\t\t\t<h2 class=\"elementor-heading-title elementor-size-default\">Office hours<\/h2>\t\t<\/div>\n\t\t\t\t<\/div>\n\t\t\t\t<div class=\"elementor-element elementor-element-29a92ca elementor-widget elementor-widget-text-editor\" data-id=\"29a92ca\" data-element_type=\"widget\" data-widget_type=\"text-editor.default\">\n\t\t\t\t<div class=\"elementor-widget-container\">\n\t\t\t\t\t\t\t\t<div class=\"elementor-text-editor elementor-clearfix\">\n\t\t\t\t<p>Mon &#8211; Fri: 10:00 a.m. &#8211; 3:00 p.m.<br \/>Closed on saturday<br \/>Sun: 10:00 am &#8211; 3:00 pm<\/p>\n\t\t\t\t\t<\/div>\n\t\t\t\t\t\t<\/div>\n\t\t\t\t<\/div>\n\t\t\t\t<div class=\"elementor-element elementor-element-6d38e9d elementor-widget elementor-widget-heading\" data-id=\"6d38e9d\" data-element_type=\"widget\" data-widget_type=\"heading.default\">\n\t\t\t\t<div class=\"elementor-widget-container\">\n\t\t\t<h2 class=\"elementor-heading-title elementor-size-default\">Office address<\/h2>\t\t<\/div>\n\t\t\t\t<\/div>\n\t\t\t\t<div class=\"elementor-element elementor-element-2f6ba8f elementor-widget elementor-widget-text-editor\" data-id=\"2f6ba8f\" data-element_type=\"widget\" data-widget_type=\"text-editor.default\">\n\t\t\t\t<div class=\"elementor-widget-container\">\n\t\t\t\t\t\t\t\t<div class=\"elementor-text-editor elementor-clearfix\">\n\t\t\t\t<p>Gustav-M\u00fcller-Stra\u00dfe 36A<br \/>\n10829 Berlin-Sch\u00f6neberg<br \/>\nGermany<\/p>\n\t\t\t\t\t<\/div>\n\t\t\t\t\t\t<\/div>\n\t\t\t\t<\/div>\n\t\t\t\t\t\t<\/div>\n\t\t\t\t\t<\/div>\n\t\t<\/div>\n\t\t\t\t<div class=\"elementor-column elementor-col-66 elementor-top-column elementor-element elementor-element-01a7cd3\" data-id=\"01a7cd3\" data-element_type=\"column\" data-settings=\"{&quot;background_background&quot;:&quot;classic&quot;}\">\n\t\t\t<div class=\"elementor-column-wrap elementor-element-populated\">\n\t\t\t\t\t\t\t<div class=\"elementor-widget-wrap\">\n\t\t\t\t\t\t<div class=\"elementor-element elementor-element-5a5911a elementor-widget elementor-widget-heading\" data-id=\"5a5911a\" data-element_type=\"widget\" data-widget_type=\"heading.default\">\n\t\t\t\t<div class=\"elementor-widget-container\">\n\t\t\t<h2 class=\"elementor-heading-title elementor-size-default\">IMPORTANT INFORMATION<\/h2>\t\t<\/div>\n\t\t\t\t<\/div>\n\t\t\t\t<div class=\"elementor-element elementor-element-ee8c057 elementor-widget elementor-widget-text-editor\" data-id=\"ee8c057\" data-element_type=\"widget\" data-widget_type=\"text-editor.default\">\n\t\t\t\t<div class=\"elementor-widget-container\">\n\t\t\t\t\t\t\t\t<div class=\"elementor-text-editor elementor-clearfix\">\n\t\t\t\t<h4>Deposit<\/h4>\n<p><strong>Direct bookings<\/strong>: As soon as the guest receives an invoice, usually is received by email, a deposit of approx. 30% of the total amount is due.<\/p>\n<p><strong>booking.com<\/strong>: If the credit card details are given when booking, a deposit (for &#8220;standard rate&#8221;) or the total amount (for &#8220;non-refundable&#8221;) is due, depending on the rate booked.<\/p>\n<p>Payment of the remaining amount is due upon arrival: Payment can be made by credit card, Girocard (Maestro) or in cash. If debits are not possible, the customer can be refused the check-in.<\/p>\n<h4>Cancellation policy<\/h4>\n<p>Tenants and landlords have the option of canceling free of charge up to 7 calendar days before the day of arrival. Thereafter, the following percentages apply to the room rate in \u20ac (excluding final cleaning) to offset costs:<\/p>\n<p><strong>up to 7 days before arrival 0%<\/strong><\/p>\n<p><strong>from 6 days before arrival 25%<\/strong><\/p>\n<p><strong>from 5 days before arrival 50%<\/strong><\/p>\n<p><strong>from 4 days before arrival 75%<\/strong><\/p>\n<p><strong>from 3 days before arrival 100% <br \/><\/strong><\/p>\n<p>however, a processing fee of EUR 25 must be paid in any case.<\/p>\n<h4>Extra charge<\/h4>\n<p>From 22.12. until 04.01. a surcharge of 30% will be added to the room rate.<\/p>\n<h4>Arrival and departure<\/h4>\n<p>Arrival (Check-In ) is possible at any time from 3 p.m. using the key safe.<br \/>Departure (Check-Out) must be done by 10:00 a.m. at the latest.<\/p>\n<h4>Prices<\/h4>\n<p>Bed linen, towels and small hygiene items (shampoo, shower gel, etc.) are already included in the room rate.<\/p>\n<p><b>Additional extra services can be booked optionally:<\/b><\/p>\n<p>Intermediate cleaning: 15.00 \u20ac<br \/>Extra bed linen per person: 5.00 \u20ac<br \/>Extra towel: 2.50 \u20ac<\/p>\n<h4>Liability<\/h4>\n<p>The tenant is fully liable for damage caused to the accommodation during the period of use. If the apartment key is lost, the tenant is liable for 50.00 \u20ac.<\/p>\n<h4>Breakfast<\/h4>\n<p style=\"text-align: left;\">Breakfast is available in nearby bakeries from around EUR 4.50.<\/p>\n<p style=\"text-align: right;\"><small><em>The statutory VAT is already included in all of the amounts mentioned.<\/em><\/small><\/p>\n\t\t\t\t\t<\/div>\n\t\t\t\t\t\t<\/div>\n\t\t\t\t<\/div>\n\t\t\t\t\t\t<\/div>\n\t\t\t\t\t<\/div>\n\t\t<\/div>\n\t\t\t\t\t\t\t\t<\/div>\n\t\t\t\t\t<\/div>\n\t\t<\/section>\n\t\t\t\t<section class=\"elementor-section elementor-top-section elementor-element elementor-element-3c8ff4f3 elementor-hidden-tablet elementor-hidden-phone elementor-section-boxed elementor-section-height-default elementor-section-height-default\" data-id=\"3c8ff4f3\" data-element_type=\"section\">\n\t\t\t\t\t\t<div class=\"elementor-container elementor-column-gap-default\">\n\t\t\t\t\t\t\t<div class=\"elementor-row\">\n\t\t\t\t\t<div class=\"elementor-column elementor-col-33 elementor-top-column elementor-element elementor-element-6e11e478\" data-id=\"6e11e478\" data-element_type=\"column\" data-settings=\"{&quot;background_background&quot;:&quot;classic&quot;}\">\n\t\t\t<div class=\"elementor-column-wrap elementor-element-populated\">\n\t\t\t\t\t<div class=\"elementor-background-overlay\"><\/div>\n\t\t\t\t\t\t\t<div class=\"elementor-widget-wrap\">\n\t\t\t\t\t\t<div class=\"elementor-element elementor-element-46fea76c elementor-position-right elementor-view-default elementor-mobile-position-top elementor-vertical-align-top elementor-widget elementor-widget-icon-box\" data-id=\"46fea76c\" data-element_type=\"widget\" data-widget_type=\"icon-box.default\">\n\t\t\t\t<div class=\"elementor-widget-container\">\n\t\t\t\t\t<div class=\"elementor-icon-box-wrapper\">\n\t\t\t\t\t\t<div class=\"elementor-icon-box-icon\">\n\t\t\t\t<span class=\"elementor-icon elementor-animation-\" >\n\t\t\t\t<i aria-hidden=\"true\" class=\" icomoon-the7-font-the7-phone-03\"><\/i>\t\t\t\t<\/span>\n\t\t\t<\/div>\n\t\t\t\t\t\t<div class=\"elementor-icon-box-content\">\n\t\t\t\t<h6 class=\"elementor-icon-box-title\">\n\t\t\t\t\t<span  >\n\t\t\t\t\t\tPhone\t\t\t\t\t<\/span>\n\t\t\t\t<\/h6>\n\t\t\t\t\t\t\t\t\t<p class=\"elementor-icon-box-description\">\n\t\t\t\t\t\t+49 30 448 12 81<br>+49 176 236 54 121\t\t\t\t\t<\/p>\n\t\t\t\t\t\t\t<\/div>\n\t\t<\/div>\n\t\t\t\t<\/div>\n\t\t\t\t<\/div>\n\t\t\t\t\t\t<\/div>\n\t\t\t\t\t<\/div>\n\t\t<\/div>\n\t\t\t\t<div class=\"elementor-column elementor-col-33 elementor-top-column elementor-element elementor-element-710eaceb\" data-id=\"710eaceb\" data-element_type=\"column\" data-settings=\"{&quot;background_background&quot;:&quot;classic&quot;}\">\n\t\t\t<div class=\"elementor-column-wrap elementor-element-populated\">\n\t\t\t\t\t<div class=\"elementor-background-overlay\"><\/div>\n\t\t\t\t\t\t\t<div class=\"elementor-widget-wrap\">\n\t\t\t\t\t\t<div class=\"elementor-element elementor-element-d8f54a5 elementor-position-right elementor-view-default elementor-mobile-position-top elementor-vertical-align-top elementor-widget elementor-widget-icon-box\" data-id=\"d8f54a5\" data-element_type=\"widget\" data-widget_type=\"icon-box.default\">\n\t\t\t\t<div class=\"elementor-widget-container\">\n\t\t\t\t\t<div class=\"elementor-icon-box-wrapper\">\n\t\t\t\t\t\t<div class=\"elementor-icon-box-icon\">\n\t\t\t\t<a class=\"elementor-icon elementor-animation-\" href=\"mailto:%20booking@visage-appart.com\">\n\t\t\t\t<i aria-hidden=\"true\" class=\" icomoon-the7-font-the7-mail-07\"><\/i>\t\t\t\t<\/a>\n\t\t\t<\/div>\n\t\t\t\t\t\t<div class=\"elementor-icon-box-content\">\n\t\t\t\t<h6 class=\"elementor-icon-box-title\">\n\t\t\t\t\t<a href=\"mailto:%20booking@visage-appart.com\" >\n\t\t\t\t\t\tE-Mail\t\t\t\t\t<\/a>\n\t\t\t\t<\/h6>\n\t\t\t\t\t\t\t\t\t<p class=\"elementor-icon-box-description\">\n\t\t\t\t\t\tbooking@visage-appart.com\t\t\t\t\t<\/p>\n\t\t\t\t\t\t\t<\/div>\n\t\t<\/div>\n\t\t\t\t<\/div>\n\t\t\t\t<\/div>\n\t\t\t\t\t\t<\/div>\n\t\t\t\t\t<\/div>\n\t\t<\/div>\n\t\t\t\t<div class=\"elementor-column elementor-col-33 elementor-top-column elementor-element elementor-element-6f31d961\" data-id=\"6f31d961\" data-element_type=\"column\" data-settings=\"{&quot;background_background&quot;:&quot;classic&quot;}\">\n\t\t\t<div class=\"elementor-column-wrap elementor-element-populated\">\n\t\t\t\t\t<div class=\"elementor-background-overlay\"><\/div>\n\t\t\t\t\t\t\t<div class=\"elementor-widget-wrap\">\n\t\t\t\t\t\t<div class=\"elementor-element elementor-element-1870cb2 elementor-position-right elementor-view-default elementor-mobile-position-top elementor-vertical-align-top elementor-widget elementor-widget-icon-box\" data-id=\"1870cb2\" data-element_type=\"widget\" data-widget_type=\"icon-box.default\">\n\t\t\t\t<div class=\"elementor-widget-container\">\n\t\t\t\t\t<div class=\"elementor-icon-box-wrapper\">\n\t\t\t\t\t\t<div class=\"elementor-icon-box-icon\">\n\t\t\t\t<span class=\"elementor-icon elementor-animation-\" >\n\t\t\t\t<i aria-hidden=\"true\" class=\" icomoon-the7-font-the7-map-05\"><\/i>\t\t\t\t<\/span>\n\t\t\t<\/div>\n\t\t\t\t\t\t<div class=\"elementor-icon-box-content\">\n\t\t\t\t<h6 class=\"elementor-icon-box-title\">\n\t\t\t\t\t<span  >\n\t\t\t\t\t\tOffice\t\t\t\t\t<\/span>\n\t\t\t\t<\/h6>\n\t\t\t\t\t\t\t\t\t<p class=\"elementor-icon-box-description\">\n\t\t\t\t\t\tGustav-M\u00fcller-Stra\u00dfe 36A<br>\n10829 Berlin-Sch\u00f6neberg\t\t\t\t\t<\/p>\n\t\t\t\t\t\t\t<\/div>\n\t\t<\/div>\n\t\t\t\t<\/div>\n\t\t\t\t<\/div>\n\t\t\t\t\t\t<\/div>\n\t\t\t\t\t<\/div>\n\t\t<\/div>\n\t\t\t\t\t\t\t\t<\/div>\n\t\t\t\t\t<\/div>\n\t\t<\/section>\n\t\t\t\t\t\t\t\t\t<\/div>\n\t\t\t<\/div>\n\t\t\t\t\t<\/div>\n\t\t","protected":false},"excerpt":{"rendered":"<p>Imprint PALAZZO PAZZO GmbH Gustav-M\u00fcller-Stra\u00dfe 36A 10829 Berlin-Sch\u00f6neberg Germany phone: +49 30 448 12 81 booking@visage-appart.com Company headquarters: Berlin Amtsgericht Berlin: HRB 139882 VAT ID: DE297194369 Managing Director: Giulia Ponsicchi Bank account (for transfers) Account owner: PALAZZO PAZZO GmbH IBAN: DE53 1001 0010 0331 5711 09 BIC \/ SWIFT: PBNKDEFF (Postbank Berlin) Purpose: invoice number,&hellip;<\/p>\n","protected":false},"author":1,"featured_media":0,"parent":0,"menu_order":70,"comment_status":"closed","ping_status":"closed","template":"elementor_header_footer","meta":[],"aioseo_notices":[],"_links":{"self":[{"href":"https:\/\/visage-appart.com\/en\/wp-json\/wp\/v2\/pages\/3287"}],"collection":[{"href":"https:\/\/visage-appart.com\/en\/wp-json\/wp\/v2\/pages"}],"about":[{"href":"https:\/\/visage-appart.com\/en\/wp-json\/wp\/v2\/types\/page"}],"author":[{"embeddable":true,"href":"https:\/\/visage-appart.com\/en\/wp-json\/wp\/v2\/users\/1"}],"replies":[{"embeddable":true,"href":"https:\/\/visage-appart.com\/en\/wp-json\/wp\/v2\/comments?post=3287"}],"version-history":[{"count":3,"href":"https:\/\/visage-appart.com\/en\/wp-json\/wp\/v2\/pages\/3287\/revisions"}],"predecessor-version":[{"id":3290,"href":"https:\/\/visage-appart.com\/en\/wp-json\/wp\/v2\/pages\/3287\/revisions\/3290"}],"wp:attachment":[{"href":"https:\/\/visage-appart.com\/en\/wp-json\/wp\/v2\/media?parent=3287"}],"curies":[{"name":"wp","href":"https:\/\/api.w.org\/{rel}","templated":true}]}}